{"id":38,"date":"2011-05-18T11:59:28","date_gmt":"2011-05-18T11:59:28","guid":{"rendered":"http:\/\/www.mpf-consult.dk\/?page_id=38"},"modified":"2025-01-14T10:52:27","modified_gmt":"2025-01-14T10:52:27","slug":"velkommen","status":"publish","type":"page","link":"https:\/\/www.mpf-consult.dk\/","title":{"rendered":"Optimer dit mailflow med DMARC og beskyt din virksomhed mod trusler"},"content":{"rendered":"<div class=\"box-info\"><img decoding=\"async\" src=\"https:\/\/img.freepik.com\/premium-photo\/close-up-laptop-computer-with-glowing-blue-polygonal-mesh-interface-blurry-desktop-background-technology-network-concept-double-exposure_670147-32960.jpg\" alt=\"Close up of laptop computer with glowing blue polygonal mesh interface on blurry desktop background Technology and network concept Double exposure\" \/><\/div>\n<div class=\"box-info\">Gennem <strong>MPF Consult<\/strong> yder jeg IT-konsulentydelser inden for <a>r\u00e5dgivning<\/a>, <a>drift<\/a>, <a>konfiguration og support<\/a>.<\/div>\n<p>Jeg er, som ekstern konsulent, tilknyttet flere virksomheder i \u00d8stjyllands-omr\u00e5det.<\/p>\n<p>Kompetenceomr\u00e5der, jeg s\u00e6rligt besk\u00e6ftiger mig med:<\/p>\n<div class=\"box-content\"><img decoding=\"async\" src=\"\/wp-content\/themes\/yoo_nano_wp\/images\/tools\/list_check.png\" alt=\"\" \/> DMARC, DKIM og SPF optimering\/r\u00e5dgivning\/fejls\u00f8gning<\/div>\n<div class=\"box-content\"><img decoding=\"async\" src=\"\/wp-content\/themes\/yoo_nano_wp\/images\/tools\/list_check.png\" alt=\"\" \/> Etablering af DANE<br \/>\n<img decoding=\"async\" src=\"\/wp-content\/themes\/yoo_nano_wp\/images\/tools\/list_check.png\" alt=\"\" \/> Opbygning af sikre mailflow &#8211; M365\/postfix\/Cisco ESA<\/div>\n<div class=\"box-content\"><img decoding=\"async\" src=\"\/wp-content\/themes\/yoo_nano_wp\/images\/tools\/list_check.png\" alt=\"\" \/> M365\/Office365<br \/>\n<img decoding=\"async\" src=\"\/wp-content\/themes\/yoo_nano_wp\/images\/tools\/list_check.png\" alt=\"\" \/> Firewalls og sikkerhed generelt<br \/>\n<img decoding=\"async\" src=\"\/wp-content\/themes\/yoo_nano_wp\/images\/tools\/list_check.png\" alt=\"\" \/> Virtualisering, herunder VMware, HyperV og VirtualBox<br \/>\n<img decoding=\"async\" src=\"\/wp-content\/themes\/yoo_nano_wp\/images\/tools\/list_check.png\" alt=\"\" \/> Konfiguration og drift af VPS&#8217;er i skyen (OpenVZ, Parallels og KVM)<br \/>\n<img decoding=\"async\" src=\"\/wp-content\/themes\/yoo_nano_wp\/images\/tools\/list_check.png\" alt=\"\" \/> S\u00e5rbarheds-scanninger og intrusion detection<br \/>\n<img decoding=\"async\" src=\"\/wp-content\/themes\/yoo_nano_wp\/images\/tools\/list_check.png\" alt=\"\" \/> Embeddede systemer<br \/>\n<img decoding=\"async\" src=\"\/wp-content\/themes\/yoo_nano_wp\/images\/tools\/list_check.png\" alt=\"\" \/> Netv\u00e6rksapplikationer, mail- og web-servere<br \/>\n<img decoding=\"async\" src=\"\/wp-content\/themes\/yoo_nano_wp\/images\/tools\/list_check.png\" alt=\"\" \/> System-overv\u00e5gning, dokumentation og drift af maskiner<br \/>\n<img decoding=\"async\" src=\"\/wp-content\/themes\/yoo_nano_wp\/images\/tools\/list_check.png\" alt=\"\" \/> PKI infrastruktur<br \/>\n<img decoding=\"async\" src=\"\/wp-content\/themes\/yoo_nano_wp\/images\/tools\/list_check.png\" alt=\"\" \/> System-udvikling p\u00e5 Linux, iOS og OS X<\/div>\n","protected":false},"excerpt":{"rendered":"<p>Gennem MPF Consult yder jeg IT-konsulentydelser inden for r\u00e5dgivning, drift, konfiguration og support. Jeg er, som ekstern konsulent, tilknyttet flere virksomheder i \u00d8stjyllands-omr\u00e5det. Kompetenceomr\u00e5der, jeg s\u00e6rligt besk\u00e6ftiger mig med: DMARC, DKIM og SPF optimering\/r\u00e5dgivning\/fejls\u00f8gning Etablering af DANE Opbygning af sikre mailflow &#8211; M365\/postfix\/Cisco ESA M365\/Office365 Firewalls og sikkerhed generelt Virtualisering, herunder VMware, HyperV og VirtualBox Konfiguration og drift af VPS&#8217;er i skyen (OpenVZ, Parallels og KVM) S\u00e5rbarheds-scanninger og intrusion detection Embeddede systemer Netv\u00e6rksapplikationer, mail- og web-servere System-overv\u00e5gning, dokumentation og drift af maskiner PKI infrastruktur System-udvikling p\u00e5 Linux, iOS og OS X<\/p>\n","protected":false},"author":1,"featured_media":326,"parent":0,"menu_order":0,"comment_status":"closed","ping_status":"open","template":"","meta":{"_monsterinsights_skip_tracking":false,"_monsterinsights_sitenote_active":false,"_monsterinsights_sitenote_note":"","_monsterinsights_sitenote_category":0,"footnotes":""},"class_list":["post-38","page","type-page","status-publish","has-post-thumbnail"],"aioseo_notices":[],"_links":{"self":[{"href":"https:\/\/www.mpf-consult.dk\/index.php?rest_route=\/wp\/v2\/pages\/38","targetHints":{"allow":["GET"]}}],"collection":[{"href":"https:\/\/www.mpf-consult.dk\/index.php?rest_route=\/wp\/v2\/pages"}],"about":[{"href":"https:\/\/www.mpf-consult.dk\/index.php?rest_route=\/wp\/v2\/types\/page"}],"author":[{"embeddable":true,"href":"https:\/\/www.mpf-consult.dk\/index.php?rest_route=\/wp\/v2\/users\/1"}],"replies":[{"embeddable":true,"href":"https:\/\/www.mpf-consult.dk\/index.php?rest_route=%2Fwp%2Fv2%2Fcomments&post=38"}],"version-history":[{"count":93,"href":"https:\/\/www.mpf-consult.dk\/index.php?rest_route=\/wp\/v2\/pages\/38\/revisions"}],"predecessor-version":[{"id":368,"href":"https:\/\/www.mpf-consult.dk\/index.php?rest_route=\/wp\/v2\/pages\/38\/revisions\/368"}],"wp:featuredmedia":[{"embeddable":true,"href":"https:\/\/www.mpf-consult.dk\/index.php?rest_route=\/wp\/v2\/media\/326"}],"wp:attachment":[{"href":"https:\/\/www.mpf-consult.dk\/index.php?rest_route=%2Fwp%2Fv2%2Fmedia&parent=38"}],"curies":[{"name":"wp","href":"https:\/\/api.w.org\/{rel}","templated":true}]}}